{"id":533,"date":"2025-05-14T22:31:51","date_gmt":"2025-05-14T20:31:51","guid":{"rendered":"https:\/\/www.julienpreat.com\/?page_id=533"},"modified":"2025-05-14T23:34:00","modified_gmt":"2025-05-14T21:34:00","slug":"safari-en-reserve-privee-en-afrique-du-sud-2","status":"publish","type":"page","link":"https:\/\/www.julienpreat.com\/index.php\/safari-en-reserve-privee-en-afrique-du-sud-2\/","title":{"rendered":"Safari en r\u00e9serve priv\u00e9e en Afrique du Sud"},"content":{"rendered":"\n<div class=\"wp-block-media-text is-stacked-on-mobile\"><figure class=\"wp-block-media-text__media\"><img fetchpriority=\"high\" decoding=\"async\" width=\"1024\" height=\"683\" src=\"http:\/\/www.julienpreat.com\/wp-content\/uploads\/2025\/05\/0N0A0244-1024x683.jpg\" alt=\"\" class=\"wp-image-496 size-full\" srcset=\"https:\/\/www.julienpreat.com\/wp-content\/uploads\/2025\/05\/0N0A0244-1024x683.jpg 1024w, https:\/\/www.julienpreat.com\/wp-content\/uploads\/2025\/05\/0N0A0244-300x200.jpg 300w, https:\/\/www.julienpreat.com\/wp-content\/uploads\/2025\/05\/0N0A0244-768x512.jpg 768w, https:\/\/www.julienpreat.com\/wp-content\/uploads\/2025\/05\/0N0A0244-1536x1024.jpg 1536w, https:\/\/www.julienpreat.com\/wp-content\/uploads\/2025\/05\/0N0A0244.jpg 2048w\" sizes=\"(max-width: 1024px) 100vw, 1024px\" \/><\/figure><div class=\"wp-block-media-text__content\">\n<p style=\"text-align: center;\">Offrez-vous un voyage d&rsquo;exception au coeur d&rsquo;une r\u00e9serve priv\u00e9e du Grand Kruger, joyau de la faune sud-africaine et sanctuaire embl\u00e9matique des Big Fives. Chaque journ\u00e9e est une promesse d&rsquo;\u00e9motion: le rugissement d&rsquo;un lion \u00e0 l&rsquo;aube, la silhouette majestueuse d&rsquo;un \u00e9l\u00e9phant au d\u00e9tour d&rsquo;un sentier ou encore le calme profond d&rsquo;un coucher de soleil sur la savane.\u00a0<\/p>\n<p style=\"text-align: center;\">Accompagn\u00e9 de guides passionn\u00e9s, vous vivrez un safari authentique, ponctu\u00e9 de nuits dans un lodge privatis\u00e9 o\u00f9 confort et nature ne font qu&rsquo;un. Une immersion totale dans la magie du bush africain pour des souvenirs grav\u00e9s \u00e0 vie.<\/p>\n<\/div><\/div>\n\n\n\n<div style=\"height:100px\" aria-hidden=\"true\" class=\"wp-block-spacer\"><\/div>\n\n\n\n<div class=\"wp-block-cover alignfull has-parallax\" style=\"min-height:100vh;aspect-ratio:unset;\"><div class=\"wp-block-cover__image-background wp-image-503 size-large has-parallax\" style=\"background-position:50% 50%;background-image:url(http:\/\/www.julienpreat.com\/wp-content\/uploads\/2025\/05\/0N0A1033-1024x683.jpg)\"><\/div><span aria-hidden=\"true\" class=\"wp-block-cover__background has-background-dim-40 has-background-dim\" style=\"background-color:#000000\"><\/span><div class=\"wp-block-cover__inner-container is-layout-flow wp-block-cover-is-layout-flow\">\n<h2 class=\"wp-block-heading alignwide has-white-color has-text-color\" style=\"font-size:48px;line-height:1.2\"><em>Le rugissement du lion. Le silence de la savane. L&rsquo;aventure vous attend.<\/em><\/h2>\n\n\n\n<div class=\"wp-block-columns alignwide is-layout-flex wp-container-core-columns-is-layout-28f84493 wp-block-columns-is-layout-flex\">\n<div class=\"wp-block-column is-layout-flow wp-block-column-is-layout-flow\">\n<p><strong>Les r\u00e9serves priv\u00e9es du Grand Kruger<\/strong>\u00a0sont des havres d\u2019exception, o\u00f9 la nature sauvage se r\u00e9v\u00e8le dans son \u00e9tat le plus pur. Prot\u00e9g\u00e9es et pr\u00e9serv\u00e9es, ces terres majestueuses offrent une rencontre intime avec la faune africaine, loin des foules et du tumulte. Ici, la chasse n\u2019a pas sa place, permettant \u00e0 la faune de prosp\u00e9rer en toute s\u00e9r\u00e9nit\u00e9. Le nombre de v\u00e9hicules sur chaque site d\u2019observation est strictement limit\u00e9, garantissant ainsi une exp\u00e9rience plus calme et respectueuse de l\u2019environnement.<br \/>Entre les pas silencieux des pr\u00e9dateurs et l\u2019appel lointain des oiseaux, chaque moment pass\u00e9 dans ces r\u00e9serves devient une aventure. Un lieu sacr\u00e9, o\u00f9 l\u2019\u00e2me de l\u2019Afrique se d\u00e9voile dans toute sa splendeur.<\/p>\n<\/div>\n<\/div>\n<\/div><\/div>\n\n\n\n<div style=\"height:100px\" aria-hidden=\"true\" class=\"wp-block-spacer\"><\/div>\n\n\n\n<h2 class=\"wp-block-heading alignwide has-text-align-center\">Programme du S\u00e9jour<\/h2>\n\n\n\n<hr class=\"wp-block-separator has-alpha-channel-opacity\"\/>\n\n\n<p data-start=\"390\" data-end=\"577\">Ce voyage est une pause. Un moment simple et fort, pour ralentir, observer, ressentir. Une immersion dans la nature, sans artifice, mais avec ce qu\u2019il faut de confort pour se sentir bien.<\/p>\n<p data-start=\"579\" data-end=\"831\">Vous s\u00e9journerez dans un lodge privatis\u00e9 pour votre groupe. De jolis chalets en toit de chaume, inspir\u00e9s du style Kruger, vous offriront calme, confort et chaleur. Ici, rien de tape-\u00e0-l\u2019\u0153il : juste l\u2019essentiel, bien pens\u00e9, pour savourer chaque instant.<\/p>\n<p data-start=\"833\" data-end=\"1118\">Chaque jour, vous partirez en safari pour d\u00e9couvrir les grands animaux de la savane : les c\u00e9l\u00e8bres Big Five, mais aussi plein d\u2019autres esp\u00e8ces sauvages, libres dans leur environnement naturel. Les v\u00e9hicules, limit\u00e9s \u00e0 5 personnes, permettent de vivre ces moments en toute tranquillit\u00e9.<\/p>\n<p data-start=\"1120\" data-end=\"1321\">Avec des guides passionn\u00e9s, vous apprendrez \u00e0 suivre les pistes, \u00e0 observer la vie animale, \u00e0 mieux comprendre les liens subtils de cet \u00e9cosyst\u00e8me. Chaque sortie est une vraie rencontre avec la nature.<\/p>\n<p data-start=\"1120\" data-end=\"1321\">Au-del\u00e0 de l\u2019aventure, ce safari est aussi une invitation \u00e0 affiner votre regard. Pour ceux qui le souhaitent, des conseils photo et des cours pratiques seront propos\u00e9s tout au long du s\u00e9jour. Qu\u2019il s\u2019agisse de ma\u00eetriser la lumi\u00e8re dor\u00e9e d\u2019un lever de soleil sur la savane ou de saisir la puissance d\u2019un regard animal, vous serez accompagn\u00e9 pour capturer la beaut\u00e9 brute de l\u2019Afrique avec justesse et sensibilit\u00e9.<\/p>\n<p data-start=\"1120\" data-end=\"1321\">Une marche guid\u00e9e dans la brousse vous offrira une autre fa\u00e7on d\u2019explorer : \u00e0 pied, au rythme du pas, les sensations sont diff\u00e9rentes. Plus proches, plus vraies.<\/p>\n<p data-start=\"1486\" data-end=\"1709\">Et pour finir, vous assisterez \u00e0 une d\u00e9monstration des chiens de la r\u00e9serve, form\u00e9s pour lutter contre le braconnage. Un moment fort, qui donne du sens \u00e0 l\u2019exp\u00e9rience et rappelle l\u2019importance de prot\u00e9ger ce qui est fragile.<\/p>\n\n\n<h2 class=\"wp-block-heading alignwide has-text-align-center\">Infos pratiques<\/h2>\n\n\n\n<hr class=\"wp-block-separator has-alpha-channel-opacity\"\/>\n\n\n<p><strong data-start=\"215\" data-end=\"235\">Destination :<\/strong>\u00a0Grand Kruger, Afrique du Sud<br \/><strong data-start=\"267\" data-end=\"281\">Dur\u00e9e :<\/strong>\u00a08 jours \/ 7 nuits<br \/><strong data-start=\"303\" data-end=\"331\">Prochaines sessions :<\/strong><br data-start=\"331\" data-end=\"334\" \/>\u2022 Du 4 au 11 novembre 2025<br data-start=\"380\" data-end=\"383\" \/>\u2022 D\u2019autres dates \u00e0 venir pour 2026<br \/><strong data-start=\"773\" data-end=\"804\">Nombre de participants :<\/strong><br data-start=\"804\" data-end=\"807\" \/>Groupe limit\u00e9 \u00e0 10 personnes pour pr\u00e9server une atmosph\u00e8re intime.<br data-start=\"873\" data-end=\"876\" \/>5 passagers maximum par v\u00e9hicule pour un confort optimal.<br \/><strong data-start=\"937\" data-end=\"957\">H\u00e9bergement :<\/strong><br data-start=\"957\" data-end=\"960\" \/>Chambre double (lit double ou lits s\u00e9par\u00e9s selon r\u00e9partition).<br data-start=\"1022\" data-end=\"1025\" \/>Pas de chambre individuelle sur ce voyage.<br \/><strong data-start=\"1069\" data-end=\"1094\">Niveau d\u2019anglais :<\/strong><br data-start=\"1094\" data-end=\"1097\" \/>Une compr\u00e9hension de base est recommand\u00e9e.<br \/><strong data-start=\"1143\" data-end=\"1155\">\u00c2ge :<\/strong><br data-start=\"1155\" data-end=\"1158\" \/>Aucune limite d\u2019\u00e2ge. Il suffit d\u2019\u00eatre en bonne sant\u00e9.<br \/><strong data-start=\"1215\" data-end=\"1239\">Tenue du voyage :<\/strong><br data-start=\"1239\" data-end=\"1242\" \/>Le d\u00e9part est confirm\u00e9 \u00e0 partir de 5 participants.<br \/><strong data-start=\"1296\" data-end=\"1310\">Tarif :<\/strong><br data-start=\"1310\" data-end=\"1313\" \/>2460 \u20ac \/ personne<\/p>\n\n\n<figure class=\"wp-block-gallery has-nested-images columns-default is-cropped wp-block-gallery-1 is-layout-flex wp-block-gallery-is-layout-flex\">\n<figure class=\"wp-block-image size-large\"><img decoding=\"async\" width=\"1024\" height=\"683\" data-id=\"508\" src=\"https:\/\/www.julienpreat.com\/wp-content\/uploads\/2025\/05\/0N0A7121-1024x683.jpg\" alt=\"\" class=\"wp-image-508\" srcset=\"https:\/\/www.julienpreat.com\/wp-content\/uploads\/2025\/05\/0N0A7121-1024x683.jpg 1024w, https:\/\/www.julienpreat.com\/wp-content\/uploads\/2025\/05\/0N0A7121-300x200.jpg 300w, https:\/\/www.julienpreat.com\/wp-content\/uploads\/2025\/05\/0N0A7121-768x512.jpg 768w, https:\/\/www.julienpreat.com\/wp-content\/uploads\/2025\/05\/0N0A7121-1536x1024.jpg 1536w, https:\/\/www.julienpreat.com\/wp-content\/uploads\/2025\/05\/0N0A7121.jpg 2048w\" sizes=\"(max-width: 1024px) 100vw, 1024px\" \/><\/figure>\n\n\n\n<figure class=\"wp-block-image size-large\"><img decoding=\"async\" width=\"1024\" height=\"683\" data-id=\"509\" src=\"https:\/\/www.julienpreat.com\/wp-content\/uploads\/2025\/05\/0N0A8276-1024x683.jpg\" alt=\"\" class=\"wp-image-509\" srcset=\"https:\/\/www.julienpreat.com\/wp-content\/uploads\/2025\/05\/0N0A8276-1024x683.jpg 1024w, https:\/\/www.julienpreat.com\/wp-content\/uploads\/2025\/05\/0N0A8276-300x200.jpg 300w, https:\/\/www.julienpreat.com\/wp-content\/uploads\/2025\/05\/0N0A8276-768x512.jpg 768w, https:\/\/www.julienpreat.com\/wp-content\/uploads\/2025\/05\/0N0A8276-1536x1024.jpg 1536w, https:\/\/www.julienpreat.com\/wp-content\/uploads\/2025\/05\/0N0A8276.jpg 2048w\" sizes=\"(max-width: 1024px) 100vw, 1024px\" \/><\/figure>\n\n\n\n<figure class=\"wp-block-image size-large\"><img loading=\"lazy\" decoding=\"async\" width=\"1024\" height=\"683\" data-id=\"98\" src=\"https:\/\/www.julienpreat.com\/wp-content\/uploads\/2024\/05\/0N0A3770-1024x683.jpg\" alt=\"\" class=\"wp-image-98\" srcset=\"https:\/\/www.julienpreat.com\/wp-content\/uploads\/2024\/05\/0N0A3770-1024x683.jpg 1024w, https:\/\/www.julienpreat.com\/wp-content\/uploads\/2024\/05\/0N0A3770-300x200.jpg 300w, https:\/\/www.julienpreat.com\/wp-content\/uploads\/2024\/05\/0N0A3770-768x512.jpg 768w, https:\/\/www.julienpreat.com\/wp-content\/uploads\/2024\/05\/0N0A3770-1536x1024.jpg 1536w, https:\/\/www.julienpreat.com\/wp-content\/uploads\/2024\/05\/0N0A3770-2048x1365.jpg 2048w\" sizes=\"(max-width: 1024px) 100vw, 1024px\" \/><\/figure>\n<\/figure>\n\n\n\n<div class=\"wp-block-columns is-layout-flex wp-container-core-columns-is-layout-28f84493 wp-block-columns-is-layout-flex\">\n<div class=\"wp-block-column is-layout-flow wp-block-column-is-layout-flow\">\n<h4 class=\"wp-block-heading has-text-align-center\">Le prix comprend<\/h4>\n\n\n\n<ul class=\"wp-block-list\">\n<li>Les transferts aller-retour entre l&rsquo;a\u00e9roport de Hoedspruit et le lodge<\/li>\n\n\n\n<li>L&rsquo;h\u00e9bergement en chambre double<\/li>\n\n\n\n<li>La pension compl\u00e8te (petit-d\u00e9jeuner, d\u00e9jeuner, diner)<\/li>\n\n\n\n<li>Les boissons chaudes (th\u00e9, caf\u00e9) et l&rsquo;eau filtr\u00e9e \u00e0 volont\u00e9<\/li>\n\n\n\n<li>Une s\u00e9lection de boissons locales avec et sans alcool<\/li>\n\n\n\n<li>Le Wi-Fi sur place (connexion limit\u00e9e)<\/li>\n\n\n\n<li>Deux safaris par jour avec un guide anglophone passionn\u00e9<\/li>\n\n\n\n<li>Un v\u00e9hicule tout-terrain privatis\u00e9 pour votre groupe<\/li>\n\n\n\n<li>Les frais d&rsquo;entr\u00e9e dans la r\u00e9serve et les taxes de conservation<\/li>\n\n\n\n<li>Une marche guid\u00e9e dans la brousse<\/li>\n\n\n\n<li>Une activit\u00e9 avec l&rsquo;unit\u00e9 K9 anti braconnage<\/li>\n\n\n\n<li>Des cours photos, si vous le souhaitez<\/li>\n\n\n\n<li>La garantie financi\u00e8re de 100% des fonds d\u00e9pos\u00e9s (via l\u2019APST)<\/li>\n<\/ul>\n<\/div>\n\n\n\n<div class=\"wp-block-column is-layout-flow wp-block-column-is-layout-flow\">\n<h4 class=\"wp-block-heading has-text-align-center\">Le prix ne comprend pas<\/h4>\n\n\n\n<ul class=\"wp-block-list\">\n<li>Les vols internationaux (et les taxes a\u00e9riennes)<\/li>\n\n\n\n<li>L&rsquo;assurance voyage (annulation et rapatriement)<\/li>\n\n\n\n<li>Les tests PCR (si requis)<\/li>\n\n\n\n<li>Les boissons non incluses dans la s\u00e9lection propos\u00e9e<\/li>\n\n\n\n<li>Les pourboires et d\u00e9penses personnelles<\/li>\n\n\n\n<li>Le petit-d\u00e9jeuner le jour d&rsquo;arriv\u00e9e<\/li>\n\n\n\n<li>Le d\u00e9jeuner et diner du dernier jour<\/li>\n<\/ul>\n<\/div>\n<\/div>\n\n\n\n<div class=\"wp-block-buttons is-content-justification-center is-layout-flex wp-container-core-buttons-is-layout-a89b3969 wp-block-buttons-is-layout-flex\">\n<div class=\"wp-block-button\"><a class=\"wp-block-button__link wp-element-button\" href=\"https:\/\/www.julienpreat.com\/index.php\/e_contact\/\">Contactez moi<\/a><\/div>\n<\/div>\n\n\n\n<hr class=\"wp-block-separator has-alpha-channel-opacity\"\/>\n\n\n<p class=\"x_MsoNormal\" data-olk-copy-source=\"MessageBody\">Les prestations touristiques propos\u00e9es par Julien Preat et le site\u00a0<u>www.julienpreat.com<\/u>\u00a0sont compos\u00e9es et vendues par BES Agency, S.A.R.L.U au capital de 27500 \u20ac inscrite au RCS de Saverne sous le n\u00b0 952333508, dont le si\u00e8ge social est situ\u00e9 \u00e0 67210 Obernai, 14 Route de Boersch (France).<\/p>\n<p class=\"x_MsoNormal\">BES Agency est une agence de voyages fran\u00e7aise, titulaire d\u2019une immatriculation des op\u00e9rateurs de voyages et de s\u00e9jours aupr\u00e8s d\u2019Atout France. Elle est membre de l\u2019Association Professionnelle de Solidarit\u00e9 du Tourisme (APST).<\/p>\n<p class=\"x_MsoNormal\">Immatriculation Atout France : IM067230002<\/p>\n<p class=\"x_MsoNormal\">Garantie financi\u00e8re : APST, 15 avenue Carnot, 75017 PARIS<\/p>\n<p class=\"x_MsoNormal\">Assurance RCP : Hiscox, 38 Avenue de l\u2019op\u00e9ra, 75002 PARIS<\/p>","protected":false},"excerpt":{"rendered":"<p>Offrez-vous un voyage d&rsquo;exception au coeur d&rsquo;une r\u00e9serve priv\u00e9e du Grand Kruger, joyau de la faune sud-africaine et sanctuaire embl\u00e9matique [&hellip;]<\/p>\n","protected":false},"author":1,"featured_media":0,"parent":0,"menu_order":0,"comment_status":"closed","ping_status":"closed","template":"","meta":{"om_disable_all_campaigns":false,"_uag_custom_page_level_css":"","_monsterinsights_skip_tracking":false,"_monsterinsights_sitenote_active":false,"_monsterinsights_sitenote_note":"","_monsterinsights_sitenote_category":0,"site-sidebar-layout":"default","site-content-layout":"","ast-site-content-layout":"default","site-content-style":"default","site-sidebar-style":"default","ast-global-header-display":"","ast-banner-title-visibility":"","ast-main-header-display":"","ast-hfb-above-header-display":"","ast-hfb-below-header-display":"","ast-hfb-mobile-header-display":"","site-post-title":"","ast-breadcrumbs-content":"","ast-featured-img":"","footer-sml-layout":"","theme-transparent-header-meta":"","adv-header-id-meta":"","stick-header-meta":"","header-above-stick-meta":"","header-main-stick-meta":"","header-below-stick-meta":"","astra-migrate-meta-layouts":"default","ast-page-background-enabled":"default","ast-page-background-meta":{"desktop":{"background-color":"var(--ast-global-color-4)","background-image":"","background-repeat":"repeat","background-position":"center center","background-size":"auto","background-attachment":"scroll","background-type":"","background-media":"","overlay-type":"","overlay-color":"","overlay-opacity":"","overlay-gradient":""},"tablet":{"background-color":"","background-image":"","background-repeat":"repeat","background-position":"center center","background-size":"auto","background-attachment":"scroll","background-type":"","background-media":"","overlay-type":"","overlay-color":"","overlay-opacity":"","overlay-gradient":""},"mobile":{"background-color":"","background-image":"","background-repeat":"repeat","background-position":"center center","background-size":"auto","background-attachment":"scroll","background-type":"","background-media":"","overlay-type":"","overlay-color":"","overlay-opacity":"","overlay-gradient":""}},"ast-content-background-meta":{"desktop":{"background-color":"var(--ast-global-color-5)","background-image":"","background-repeat":"repeat","background-position":"center center","background-size":"auto","background-attachment":"scroll","background-type":"","background-media":"","overlay-type":"","overlay-color":"","overlay-opacity":"","overlay-gradient":""},"tablet":{"background-color":"var(--ast-global-color-5)","background-image":"","background-repeat":"repeat","background-position":"center center","background-size":"auto","background-attachment":"scroll","background-type":"","background-media":"","overlay-type":"","overlay-color":"","overlay-opacity":"","overlay-gradient":""},"mobile":{"background-color":"var(--ast-global-color-5)","background-image":"","background-repeat":"repeat","background-position":"center center","background-size":"auto","background-attachment":"scroll","background-type":"","background-media":"","overlay-type":"","overlay-color":"","overlay-opacity":"","overlay-gradient":""}},"footnotes":""},"class_list":["post-533","page","type-page","status-publish","hentry"],"aioseo_notices":[],"uagb_featured_image_src":{"full":false,"thumbnail":false,"medium":false,"medium_large":false,"large":false,"1536x1536":false,"2048x2048":false},"uagb_author_info":{"display_name":"admin9496","author_link":"https:\/\/www.julienpreat.com\/index.php\/author\/admin9496\/"},"uagb_comment_info":0,"uagb_excerpt":"Offrez-vous un voyage d&rsquo;exception au coeur d&rsquo;une r\u00e9serve priv\u00e9e du Grand Kruger, joyau de la faune sud-africaine et sanctuaire embl\u00e9matique [&hellip;]","_links":{"self":[{"href":"https:\/\/www.julienpreat.com\/index.php\/wp-json\/wp\/v2\/pages\/533","targetHints":{"allow":["GET"]}}],"collection":[{"href":"https:\/\/www.julienpreat.com\/index.php\/wp-json\/wp\/v2\/pages"}],"about":[{"href":"https:\/\/www.julienpreat.com\/index.php\/wp-json\/wp\/v2\/types\/page"}],"author":[{"embeddable":true,"href":"https:\/\/www.julienpreat.com\/index.php\/wp-json\/wp\/v2\/users\/1"}],"replies":[{"embeddable":true,"href":"https:\/\/www.julienpreat.com\/index.php\/wp-json\/wp\/v2\/comments?post=533"}],"version-history":[{"count":5,"href":"https:\/\/www.julienpreat.com\/index.php\/wp-json\/wp\/v2\/pages\/533\/revisions"}],"predecessor-version":[{"id":546,"href":"https:\/\/www.julienpreat.com\/index.php\/wp-json\/wp\/v2\/pages\/533\/revisions\/546"}],"wp:attachment":[{"href":"https:\/\/www.julienpreat.com\/index.php\/wp-json\/wp\/v2\/media?parent=533"}],"curies":[{"name":"wp","href":"https:\/\/api.w.org\/{rel}","templated":true}]}}