{"id":47,"date":"2024-05-23T19:20:00","date_gmt":"2024-05-23T17:20:00","guid":{"rendered":"http:\/\/icmwuwb.cluster023.hosting.ovh.net\/?page_id=47"},"modified":"2026-04-09T20:16:59","modified_gmt":"2026-04-09T18:16:59","slug":"a-propos","status":"publish","type":"page","link":"https:\/\/www.julienpreat.com\/index.php\/a-propos\/","title":{"rendered":"A propos"},"content":{"rendered":"\n<div class=\"wp-block-media-text is-stacked-on-mobile\"><figure class=\"wp-block-media-text__media\"><img fetchpriority=\"high\" decoding=\"async\" width=\"681\" height=\"1024\" src=\"http:\/\/www.julienpreat.com\/wp-content\/uploads\/2024\/12\/DSC_8355-681x1024.jpeg\" alt=\"\" class=\"wp-image-450 size-full\" srcset=\"https:\/\/www.julienpreat.com\/wp-content\/uploads\/2024\/12\/DSC_8355-681x1024.jpeg 681w, https:\/\/www.julienpreat.com\/wp-content\/uploads\/2024\/12\/DSC_8355-200x300.jpeg 200w, https:\/\/www.julienpreat.com\/wp-content\/uploads\/2024\/12\/DSC_8355-768x1154.jpeg 768w, https:\/\/www.julienpreat.com\/wp-content\/uploads\/2024\/12\/DSC_8355-1022x1536.jpeg 1022w, https:\/\/www.julienpreat.com\/wp-content\/uploads\/2024\/12\/DSC_8355-1363x2048.jpeg 1363w, https:\/\/www.julienpreat.com\/wp-content\/uploads\/2024\/12\/DSC_8355-scaled.jpeg 1703w\" sizes=\"(max-width: 681px) 100vw, 681px\" \/><\/figure><div class=\"wp-block-media-text__content\">\n<blockquote class=\"wp-block-quote is-layout-flow wp-block-quote-is-layout-flow\">\n<p><em>\u00ab\u00a0Voyager rend modeste. Vous voyez quelle petite place vous occupez dans le monde\u00a0\u00bb.<\/em><\/p>\n<cite>Gustave Flaubert<\/cite><\/blockquote>\n\n\n\n<p>Passionn\u00e9 par la faune depuis d\u00e9j\u00e0 tout petit, je voyageais dans la savane \u00e0 travers mes nombreux livres. Un des mes souvenirs d&rsquo;enfance les plus vif sera toujours la fiert\u00e9 et l&rsquo;\u00e9tonnement des mes grands-parents lorsque je d\u00e9clamais les noms des animaux les plus excentriques comme le babiroussa, lors de nos sorties au zoo.<\/p>\n\n\n\n<p>La photographie est arriv\u00e9e un peu plus tard, d&rsquo;abord avec les appareils emprunt\u00e9s \u00e0 mon papa, mon premier compact offert par mes grands-parents et enfin mon premier reflex, cadeau de ma maman.<\/p>\n\n\n\n<p>J&rsquo;ai eu la chance de voyager dans pas mal de pays durant ma jeunesse. J&rsquo;ai pu d\u00e9couvrir d&rsquo;autres cultures et faire des rencontres qui m&rsquo;ont profond\u00e9ment marqu\u00e9. Cela \u00e0 \u00e9veill\u00e9 en moi cette passion du voyage, cette envie de d\u00e9couvrir le monde hors des sentiers battus et d&rsquo;immortaliser ces moments de vie avec mon appareil photo.<\/p>\n\n\n\n<p>Autodidacte, j&rsquo;ai appris la photo par moi-m\u00eame mais depuis maintenant deux ans je souhaite r\u00e9aliser des clich\u00e9s plus esth\u00e9tiques, plus travaill\u00e9s.<\/p>\n\n\n\n<p>Cette envie d&rsquo;aller plus en d\u00e9tails, de me perfectionner et ce virus de la photographie animali\u00e8re, je les dois \u00e9galement \u00e0 une rencontre qui a \u00ab\u00a0tout chang\u00e9\u00a0\u00bb lors d&rsquo;un stage photo en Afrique du Sud, celle du photographe professionnel Alexandre BES. A ces c\u00f4t\u00e9s, j&rsquo;ai pu pleinement m&rsquo;\u00e9panouir. <\/p>\n\n\n\n<p>Ce qui me plait particuli\u00e8rement dans la photographie c&rsquo;est capturer et transmettre une \u00e9motion \u00e0 travers un regard, qu&rsquo;il soit humain ou animal.<\/p>\n\n\n\n<p>Sans pr\u00e9tention aucune, je vous invite donc \u00e0 d\u00e9couvrir mon univers et les richesses que peut nous offrir le monde \u00e0 travers mon objectif.<\/p>\n<\/div><\/div>\n","protected":false},"excerpt":{"rendered":"","protected":false},"author":2,"featured_media":0,"parent":0,"menu_order":0,"comment_status":"closed","ping_status":"closed","template":"","meta":{"om_disable_all_campaigns":false,"_uag_custom_page_level_css":"","_monsterinsights_skip_tracking":false,"_monsterinsights_sitenote_active":false,"_monsterinsights_sitenote_note":"","_monsterinsights_sitenote_category":0,"site-sidebar-layout":"default","site-content-layout":"","ast-site-content-layout":"default","site-content-style":"default","site-sidebar-style":"default","ast-global-header-display":"","ast-banner-title-visibility":"","ast-main-header-display":"","ast-hfb-above-header-display":"","ast-hfb-below-header-display":"","ast-hfb-mobile-header-display":"","site-post-title":"disabled","ast-breadcrumbs-content":"","ast-featured-img":"","footer-sml-layout":"","theme-transparent-header-meta":"","adv-header-id-meta":"","stick-header-meta":"","header-above-stick-meta":"","header-main-stick-meta":"","header-below-stick-meta":"","astra-migrate-meta-layouts":"default","ast-page-background-enabled":"default","ast-page-background-meta":{"desktop":{"background-color":"var(--ast-global-color-4)","background-image":"","background-repeat":"repeat","background-position":"center center","background-size":"auto","background-attachment":"scroll","background-type":"","background-media":"","overlay-type":"","overlay-color":"","overlay-opacity":"","overlay-gradient":""},"tablet":{"background-color":"","background-image":"","background-repeat":"repeat","background-position":"center center","background-size":"auto","background-attachment":"scroll","background-type":"","background-media":"","overlay-type":"","overlay-color":"","overlay-opacity":"","overlay-gradient":""},"mobile":{"background-color":"","background-image":"","background-repeat":"repeat","background-position":"center center","background-size":"auto","background-attachment":"scroll","background-type":"","background-media":"","overlay-type":"","overlay-color":"","overlay-opacity":"","overlay-gradient":""}},"ast-content-background-meta":{"desktop":{"background-color":"var(--ast-global-color-5)","background-image":"","background-repeat":"repeat","background-position":"center center","background-size":"auto","background-attachment":"scroll","background-type":"","background-media":"","overlay-type":"","overlay-color":"","overlay-opacity":"","overlay-gradient":""},"tablet":{"background-color":"var(--ast-global-color-5)","background-image":"","background-repeat":"repeat","background-position":"center center","background-size":"auto","background-attachment":"scroll","background-type":"","background-media":"","overlay-type":"","overlay-color":"","overlay-opacity":"","overlay-gradient":""},"mobile":{"background-color":"var(--ast-global-color-5)","background-image":"","background-repeat":"repeat","background-position":"center center","background-size":"auto","background-attachment":"scroll","background-type":"","background-media":"","overlay-type":"","overlay-color":"","overlay-opacity":"","overlay-gradient":""}},"footnotes":""},"class_list":["post-47","page","type-page","status-publish","hentry"],"aioseo_notices":[],"uagb_featured_image_src":{"full":false,"thumbnail":false,"medium":false,"medium_large":false,"large":false,"1536x1536":false,"2048x2048":false},"uagb_author_info":{"display_name":"R\u00e9ginald Sion","author_link":"https:\/\/www.julienpreat.com\/index.php\/author\/rsio\/"},"uagb_comment_info":0,"uagb_excerpt":null,"_links":{"self":[{"href":"https:\/\/www.julienpreat.com\/index.php\/wp-json\/wp\/v2\/pages\/47","targetHints":{"allow":["GET"]}}],"collection":[{"href":"https:\/\/www.julienpreat.com\/index.php\/wp-json\/wp\/v2\/pages"}],"about":[{"href":"https:\/\/www.julienpreat.com\/index.php\/wp-json\/wp\/v2\/types\/page"}],"author":[{"embeddable":true,"href":"https:\/\/www.julienpreat.com\/index.php\/wp-json\/wp\/v2\/users\/2"}],"replies":[{"embeddable":true,"href":"https:\/\/www.julienpreat.com\/index.php\/wp-json\/wp\/v2\/comments?post=47"}],"version-history":[{"count":6,"href":"https:\/\/www.julienpreat.com\/index.php\/wp-json\/wp\/v2\/pages\/47\/revisions"}],"predecessor-version":[{"id":659,"href":"https:\/\/www.julienpreat.com\/index.php\/wp-json\/wp\/v2\/pages\/47\/revisions\/659"}],"wp:attachment":[{"href":"https:\/\/www.julienpreat.com\/index.php\/wp-json\/wp\/v2\/media?parent=47"}],"curies":[{"name":"wp","href":"https:\/\/api.w.org\/{rel}","templated":true}]}}